{"id":1048,"date":"2026-01-11T10:02:36","date_gmt":"2026-01-11T10:02:36","guid":{"rendered":"https:\/\/tanssituulia.com\/?page_id=1048"},"modified":"2026-04-13T15:19:12","modified_gmt":"2026-04-13T15:19:12","slug":"aikataulu","status":"publish","type":"page","link":"https:\/\/tanssituulia.com\/index.php\/aikataulu\/","title":{"rendered":"Aikataulu"},"content":{"rendered":"\t\t<div data-elementor-type=\"wp-page\" data-elementor-id=\"1048\" class=\"elementor elementor-1048\">\n\t\t\t\t<div class=\"elementor-element elementor-element-c18b27f e-flex e-con-boxed e-con e-parent\" data-id=\"c18b27f\" data-element_type=\"container\">\n\t\t\t\t\t<div class=\"e-con-inner\">\n\t\t\t\t<div class=\"elementor-element elementor-element-d566734 elementor-widget elementor-widget-heading\" data-id=\"d566734\" data-element_type=\"widget\" data-widget_type=\"heading.default\">\n\t\t\t\t\t<h2 class=\"elementor-heading-title elementor-size-default\"><span style=\"font-size: calc(1.325rem + 0.9vw)\">Loppukev\u00e4\u00e4n ja alkukes\u00e4n 2026 aikataulu 60+<\/span><span style=\"font-family: Roboto, sans-serif;font-size: calc(1.325rem + 0.9vw)\"><\/span><br><\/h2>\t\t\t\t<\/div>\n\t\t\t\t\t<\/div>\n\t\t\t\t<\/div>\n\t\t<div class=\"elementor-element elementor-element-7844aef e-flex e-con-boxed e-con e-parent\" data-id=\"7844aef\" data-element_type=\"container\">\n\t\t\t\t\t<div class=\"e-con-inner\">\n\t\t\t\t<div class=\"elementor-element elementor-element-8536d3a elementor-widget elementor-widget-text-editor\" data-id=\"8536d3a\" data-element_type=\"widget\" data-widget_type=\"text-editor.default\">\n\t\t\t\t\t\t\t\t\t<p>Viikkotunnit 22.5.2026 saakka. Kolmen kerran lyhytkurssit 25.5.-10.6.2026 saakka.\u00a0<\/p>\t\t\t\t\t\t\t\t<\/div>\n\t\t\t\t\t<\/div>\n\t\t\t\t<\/div>\n\t\t<div class=\"elementor-element elementor-element-91b5054 e-grid e-con-boxed e-con e-parent\" data-id=\"91b5054\" data-element_type=\"container\">\n\t\t\t\t\t<div class=\"e-con-inner\">\n\t\t\t\t<div class=\"elementor-element elementor-element-51fa3e6 elementor-widget elementor-widget-text-editor\" data-id=\"51fa3e6\" data-element_type=\"widget\" data-widget_type=\"text-editor.default\">\n\t\t\t\t\t\t\t\t\t<p>MAANANTAI\u00a0<\/p><p>N\u00e4ille tunneille voit osallistua koska tahansa, sill\u00e4 joka tunnilla on eri koreografia tai liikesarjat.<\/p><p>20.4. Lattarit klo 10:30-11:30<br \/>20.4. Barre klo 11:45-12:45<br \/>27.4. Ladyjazz klo 10:30-11:30<br \/>27.4. Lattia Barre klo 11:35-12:35<br \/>4.5.\u00a0 \u00a0Nykytanssi klo 10:00-11:30<br \/>4.5.\u00a0 \u00a0Ladyjazz klo 11:35-12:35<br \/>11.5. Nykytanssi klo 10:00-11:30<br \/>11.5. Nykytanssi klo 11:30-13:00<\/p><p>Kaikki ma tunnit HiMO:n salissa, L\u00f6nnrotinkatu 28 A<br \/>Mukaan voi tulla my\u00f6s kertamaksulla (15 \u20ac)<\/p>\t\t\t\t\t\t\t\t<\/div>\n\t\t\t\t<div class=\"elementor-element elementor-element-850aa32 elementor-widget elementor-widget-text-editor\" data-id=\"850aa32\" data-element_type=\"widget\" data-widget_type=\"text-editor.default\">\n\t\t\t\t\t\t\t\t\t<p>TIISTAI (19.5. saakka)<\/p><p>10:00-11:30 Nykytanssi\u00a0<br \/>11:30-13:00 Nykytanssi\u00a0<\/p><p>KESKVIVIIKKO (20.5. saakka)<\/p><p>10:00-11:30 Nykytanssi\u00a0<br \/>11:30-13:00 Nykytanssi\u00a0<\/p><p>TORSTAI (tunnit 7.5. saakka)<\/p><p>10:00-11:00 Ladyjazz\u00a0<br \/>11:00-12:00 Barre<\/p><p>Torstain tunnit HiMO:n salissa, L\u00f6nnrotinkatu 28 A<\/p>\t\t\t\t\t\t\t\t<\/div>\n\t\t\t\t<div class=\"elementor-element elementor-element-76d79a1 elementor-widget elementor-widget-text-editor\" data-id=\"76d79a1\" data-element_type=\"widget\" data-widget_type=\"text-editor.default\">\n\t\t\t\t\t\t\t\t\t<p>PERJANTAI<\/p><p>17.4. Flowjooga ONLINE klo 10:15-11:00<\/p><p>22.5. Nykytanssi klo 10:00-11:30<\/p>\t\t\t\t\t\t\t\t<\/div>\n\t\t\t\t<div class=\"elementor-element elementor-element-60636cb elementor-widget elementor-widget-text-editor\" data-id=\"60636cb\" data-element_type=\"widget\" data-widget_type=\"text-editor.default\">\n\t\t\t\t\t\t\t\t\t<p><strong>LYHYTKURSSIT (3 kertaa)<\/strong><\/p><p>Keskiviikkoisin, 27.5.-10.6.2026<\/p><p>Ladyjazz klo 10:00-11:00<br \/>Barre klo 11:00-12:00<\/p><p>Maanantaisin, 25.5.-8.6.2026<\/p><p>Lattiabarre<\/p><p>Yksi kurssi 29 \u20ac<br \/>Kaksi kurssia 55 \u20ac<br \/>Kolme kurssia 85 \u20ac\u00a0<\/p><p>Kurssille mahtuu 14 osallistuja.<\/p>\t\t\t\t\t\t\t\t<\/div>\n\t\t\t\t<div class=\"elementor-element elementor-element-a00f833 elementor-widget elementor-widget-text-editor\" data-id=\"a00f833\" data-element_type=\"widget\" data-widget_type=\"text-editor.default\">\n\t\t\t\t\t\t\t\t\t<p><strong>HINNASTO:<\/strong><\/p><p>Syksyn 2026 hinnasto julkaistaan my\u00f6hemmin.\u00a0\u00a0<\/p><p><strong>TARJOUS<\/strong> 5 x sarjakortti 60 \u20ac (norm. 69 \u20ac, k\u00e4y 60 min sek\u00e4 90 min tunneille)\u00a0<\/p><p>Kertamaksu 15 \u20ac (k\u00e4y 60 sek\u00e4 90 min tunneille)<br \/>ONLINE-kurssit 10 kertaa 45 min, 95 \u20ac<br \/>ONLINE-lyhytkurssit 3 kertaa 45 min, 29 \u20ac<\/p>\t\t\t\t\t\t\t\t<\/div>\n\t\t\t\t<div class=\"elementor-element elementor-element-37bbf6b elementor-widget elementor-widget-text-editor\" data-id=\"37bbf6b\" data-element_type=\"widget\" data-widget_type=\"text-editor.default\">\n\t\t\t\t\t\t\t\t\t<p><strong>LIS\u00c4TIEDOT JA ILMOITTAUTUMINEN:<\/strong><\/p><p>Tarkemmat lis\u00e4tiedot ja ilmoittautuminen s\u00e4hkpostitse, tai alla olevan lomakkeen kautta:<\/p><p>tuulamalo@icloud.com<\/p>\n<div class=\"wpcf7 no-js\" id=\"wpcf7-f671-o1\" lang=\"fi\" dir=\"ltr\" data-wpcf7-id=\"671\">\n<div class=\"screen-reader-response\"><p role=\"status\" aria-live=\"polite\" aria-atomic=\"true\"><\/p> <ul><\/ul><\/div>\n<form action=\"\/index.php\/wp-json\/wp\/v2\/pages\/1048#wpcf7-f671-o1\" method=\"post\" class=\"wpcf7-form init\" aria-label=\"Yhteydenottolomake\" novalidate=\"novalidate\" data-status=\"init\">\n<fieldset class=\"hidden-fields-container\"><input type=\"hidden\" name=\"_wpcf7\" value=\"671\" \/><input type=\"hidden\" name=\"_wpcf7_version\" value=\"6.1.2\" \/><input type=\"hidden\" name=\"_wpcf7_locale\" value=\"fi\" \/><input type=\"hidden\" name=\"_wpcf7_unit_tag\" value=\"wpcf7-f671-o1\" \/><input type=\"hidden\" name=\"_wpcf7_container_post\" value=\"0\" \/><input type=\"hidden\" name=\"_wpcf7_posted_data_hash\" value=\"\" \/>\n<\/fieldset>\n<p><label> Nimesi<br \/>\n<span class=\"wpcf7-form-control-wrap\" data-name=\"your-name\"><input size=\"40\" maxlength=\"400\" class=\"wpcf7-form-control wpcf7-text wpcf7-validates-as-required\" autocomplete=\"name\" aria-required=\"true\" aria-invalid=\"false\" value=\"\" type=\"text\" name=\"your-name\" \/><\/span> <\/label>\n<\/p>\n<p><label> S\u00e4hk\u00f6postiosoitteesi<br \/>\n<span class=\"wpcf7-form-control-wrap\" data-name=\"your-email\"><input size=\"40\" maxlength=\"400\" class=\"wpcf7-form-control wpcf7-email wpcf7-validates-as-required wpcf7-text wpcf7-validates-as-email\" autocomplete=\"email\" aria-required=\"true\" aria-invalid=\"false\" value=\"\" type=\"email\" name=\"your-email\" \/><\/span> <\/label>\n<\/p>\n<p><label> Aihe<br \/>\n<span class=\"wpcf7-form-control-wrap\" data-name=\"your-subject\"><input size=\"40\" maxlength=\"400\" class=\"wpcf7-form-control wpcf7-text wpcf7-validates-as-required\" aria-required=\"true\" aria-invalid=\"false\" value=\"\" type=\"text\" name=\"your-subject\" \/><\/span> <\/label>\n<\/p>\n<p><label> Viestisi<br \/>\n<span class=\"wpcf7-form-control-wrap\" data-name=\"your-message\"><textarea cols=\"40\" rows=\"10\" maxlength=\"2000\" class=\"wpcf7-form-control wpcf7-textarea\" aria-invalid=\"false\" name=\"your-message\"><\/textarea><\/span> <\/label>\n<\/p>\n<p><input class=\"wpcf7-form-control wpcf7-submit has-spinner\" type=\"submit\" value=\"L\u00e4het\u00e4\" \/>\n<\/p><div class=\"wpcf7-response-output\" aria-hidden=\"true\"><\/div>\n<\/form>\n<\/div>\n\t\t\t\t\t\t\t\t<\/div>\n\t\t\t\t\t<\/div>\n\t\t\t\t<\/div>\n\t\t<div class=\"elementor-element elementor-element-0800d1f e-flex e-con-boxed e-con e-parent\" data-id=\"0800d1f\" data-element_type=\"container\">\n\t\t\t\t\t<div class=\"e-con-inner\">\n\t\t\t\t\t<\/div>\n\t\t\t\t<\/div>\n\t\t\t\t<\/div>\n\t\t","protected":false},"excerpt":{"rendered":"<p>Loppukev\u00e4\u00e4n ja alkukes\u00e4n 2026 aikataulu 60+ Viikkotunnit 22.5.2026 saakka. Kolmen kerran lyhytkurssit 25.5.-10.6.2026 saakka.\u00a0 MAANANTAI\u00a0 N\u00e4ille tunneille voit osallistua koska tahansa, sill\u00e4 joka tunnilla on eri koreografia tai liikesarjat. 20.4. Lattarit klo 10:30-11:3020.4. Barre klo 11:45-12:4527.4. Ladyjazz klo 10:30-11:3027.4. Lattia Barre klo 11:35-12:354.5.\u00a0 \u00a0Nykytanssi klo 10:00-11:304.5.\u00a0 \u00a0Ladyjazz klo 11:35-12:3511.5. Nykytanssi klo 10:00-11:3011.5. Nykytanssi klo 11:30-13:00 [&hellip;]<\/p>\n","protected":false},"author":1,"featured_media":0,"parent":0,"menu_order":0,"comment_status":"closed","ping_status":"closed","template":"","meta":{"footnotes":""},"class_list":["post-1048","page","type-page","status-publish","hentry"],"_links":{"self":[{"href":"https:\/\/tanssituulia.com\/index.php\/wp-json\/wp\/v2\/pages\/1048","targetHints":{"allow":["GET"]}}],"collection":[{"href":"https:\/\/tanssituulia.com\/index.php\/wp-json\/wp\/v2\/pages"}],"about":[{"href":"https:\/\/tanssituulia.com\/index.php\/wp-json\/wp\/v2\/types\/page"}],"author":[{"embeddable":true,"href":"https:\/\/tanssituulia.com\/index.php\/wp-json\/wp\/v2\/users\/1"}],"replies":[{"embeddable":true,"href":"https:\/\/tanssituulia.com\/index.php\/wp-json\/wp\/v2\/comments?post=1048"}],"version-history":[{"count":37,"href":"https:\/\/tanssituulia.com\/index.php\/wp-json\/wp\/v2\/pages\/1048\/revisions"}],"predecessor-version":[{"id":1219,"href":"https:\/\/tanssituulia.com\/index.php\/wp-json\/wp\/v2\/pages\/1048\/revisions\/1219"}],"wp:attachment":[{"href":"https:\/\/tanssituulia.com\/index.php\/wp-json\/wp\/v2\/media?parent=1048"}],"curies":[{"name":"wp","href":"https:\/\/api.w.org\/{rel}","templated":true}]}}