{"id":1105,"date":"2026-01-11T15:01:20","date_gmt":"2026-01-11T15:01:20","guid":{"rendered":"https:\/\/tanssituulia.com\/?page_id=1105"},"modified":"2026-01-22T17:06:04","modified_gmt":"2026-01-22T17:06:04","slug":"tanssi-ja-liikeimprovisaatio","status":"publish","type":"page","link":"https:\/\/tanssituulia.com\/index.php\/tanssi-ja-liikeimprovisaatio\/","title":{"rendered":"Tanssi- ja liikeimprovisaatio"},"content":{"rendered":"\t\t<div data-elementor-type=\"wp-page\" data-elementor-id=\"1105\" class=\"elementor elementor-1105\">\n\t\t\t\t<div class=\"elementor-element elementor-element-9dc9f87 e-flex e-con-boxed e-con e-parent\" data-id=\"9dc9f87\" data-element_type=\"container\">\n\t\t\t\t\t<div class=\"e-con-inner\">\n\t\t\t\t<div class=\"elementor-element elementor-element-7590c4c elementor-widget elementor-widget-heading\" data-id=\"7590c4c\" data-element_type=\"widget\" data-widget_type=\"heading.default\">\n\t\t\t\t\t<h2 class=\"elementor-heading-title elementor-size-default\">Kev\u00e4tkauden 2026 workshopit<\/h2>\t\t\t\t<\/div>\n\t\t\t\t\t<\/div>\n\t\t\t\t<\/div>\n\t\t<div class=\"elementor-element elementor-element-446ac38 e-grid e-con-boxed e-con e-parent\" data-id=\"446ac38\" data-element_type=\"container\">\n\t\t\t\t\t<div class=\"e-con-inner\">\n\t\t\t\t<div class=\"elementor-element elementor-element-67fdd69 elementor-widget elementor-widget-text-editor\" data-id=\"67fdd69\" data-element_type=\"widget\" data-widget_type=\"text-editor.default\">\n\t\t\t\t\t\t\t\t\t<p><strong>Tanssi- ja liikeimprovisaatio, workshop harrastajille ja aloittelijoille.<\/strong>\u00a0<\/p><p>T\u00e4ss\u00e4 workshopissa tutustutaan tanssi- ja liikeimprovisaatioon kehon kuuntelun, mielikuvien ja lempeiden harjoitteiden kautta. Tutkimme liikett\u00e4, tilaa ja rytmi\u00e4 ilman suorituspaineita, jokaisen omista l\u00e4ht\u00f6kohdista k\u00e4sin. Workshop tukee luovaa liikkumista, kehotietoisuutta ja liikkeen iloa. Sopii aloittelijoille sek\u00e4 tanssia tai tanssillisia tunteja harrastaneille. Aiempaa improvisaatiokokemusta ei tarvita.<\/p><p>Kurssi pidet\u00e4\u00e4n Ruoholahdessa, la-su, 21.-22.2.2026.<br \/>Harjoitukset molempina p\u00e4ivin\u00e4 klo 11:00-13:00, hinta 59 \u20ac<\/p>\t\t\t\t\t\t\t\t<\/div>\n\t\t\t\t<div class=\"elementor-element elementor-element-e15ebe4 elementor-widget elementor-widget-text-editor\" data-id=\"e15ebe4\" data-element_type=\"widget\" data-widget_type=\"text-editor.default\">\n\t\t\t\t\t\t\t\t\t<p><strong>Tanssi- ja liikeimprovisaatio, workshop esiintyjille ja luovan alan harrastajille.<\/strong><\/p><p>T\u00e4m\u00e4 workshop on suunnattu esitett\u00e4v\u00e4ss\u00e4 taiteessa tai muussa luovassa toiminnassa mukana oleville osallistujille. Esimerkiksi teatterissa toimiville, tanssijoille, n\u00e4yttelij\u00f6ille, muusikoille, harrastajateatterissa toimiville jne. Improvisaatio toimii ty\u00f6kaluna l\u00e4sn\u00e4olon, ilmaisun ja kehollisen reagoinnin syvent\u00e4miseen. Harjoitteissa tutkitaan liikett\u00e4, impulssia, tilaa ja vuorovaikutusta yksin ja ryhm\u00e4ss\u00e4. Workshop tarjoaa tilan laajentaa omaa liikekielt\u00e4 ja kehollista ilmaisua turvallisessa ja kannustavassa ymp\u00e4rist\u00f6ss\u00e4.\u00a0<\/p><p>Kurssi pidet\u00e4\u00e4n Ruoholahdessa, la-su, 14.-15.3.2026<br \/>Harjoitukset molempina p\u00e4ivin\u00e4 klo 11:00-13:00, hinta 65 \u20ac<\/p>\t\t\t\t\t\t\t\t<\/div>\n\t\t\t\t<div class=\"elementor-element elementor-element-ab71312 elementor-widget elementor-widget-image\" data-id=\"ab71312\" data-element_type=\"widget\" data-widget_type=\"image.default\">\n\t\t\t\t\t\t\t\t\t\t\t\t\t\t\t<img fetchpriority=\"high\" decoding=\"async\" width=\"1024\" height=\"682\" src=\"https:\/\/tanssituulia.com\/wp-content\/uploads\/2025\/09\/contact-improvisation-3684684_1280-1-1024x682.webp\" class=\"attachment-large size-large wp-image-412\" alt=\"\" srcset=\"https:\/\/tanssituulia.com\/wp-content\/uploads\/2025\/09\/contact-improvisation-3684684_1280-1-1024x682.webp 1024w, https:\/\/tanssituulia.com\/wp-content\/uploads\/2025\/09\/contact-improvisation-3684684_1280-1-300x200.webp 300w, https:\/\/tanssituulia.com\/wp-content\/uploads\/2025\/09\/contact-improvisation-3684684_1280-1-768x512.webp 768w, https:\/\/tanssituulia.com\/wp-content\/uploads\/2025\/09\/contact-improvisation-3684684_1280-1.webp 1280w\" sizes=\"(max-width: 1024px) 100vw, 1024px\" \/>\t\t\t\t\t\t\t\t\t\t\t\t\t\t\t<\/div>\n\t\t\t\t<div class=\"elementor-element elementor-element-15846db elementor-widget elementor-widget-text-editor\" data-id=\"15846db\" data-element_type=\"widget\" data-widget_type=\"text-editor.default\">\n\t\t\t\t\t\t\t\t\t<p>Lis\u00e4tiedot ja ilmoittautuminen alla olevaan s\u00e4hk\u00f6postiin tai lomakkeen kautta.<\/p><p>tuulamalo@icloud.com<\/p>\n<div class=\"wpcf7 no-js\" id=\"wpcf7-f671-o1\" lang=\"fi\" dir=\"ltr\" data-wpcf7-id=\"671\">\n<div class=\"screen-reader-response\"><p role=\"status\" aria-live=\"polite\" aria-atomic=\"true\"><\/p> <ul><\/ul><\/div>\n<form action=\"\/index.php\/wp-json\/wp\/v2\/pages\/1105#wpcf7-f671-o1\" method=\"post\" class=\"wpcf7-form init\" aria-label=\"Yhteydenottolomake\" novalidate=\"novalidate\" data-status=\"init\">\n<fieldset class=\"hidden-fields-container\"><input type=\"hidden\" name=\"_wpcf7\" value=\"671\" \/><input type=\"hidden\" name=\"_wpcf7_version\" value=\"6.1.2\" \/><input type=\"hidden\" name=\"_wpcf7_locale\" value=\"fi\" \/><input type=\"hidden\" name=\"_wpcf7_unit_tag\" value=\"wpcf7-f671-o1\" \/><input type=\"hidden\" name=\"_wpcf7_container_post\" value=\"0\" \/><input type=\"hidden\" name=\"_wpcf7_posted_data_hash\" value=\"\" \/>\n<\/fieldset>\n<p><label> Nimesi<br \/>\n<span class=\"wpcf7-form-control-wrap\" data-name=\"your-name\"><input size=\"40\" maxlength=\"400\" class=\"wpcf7-form-control wpcf7-text wpcf7-validates-as-required\" autocomplete=\"name\" aria-required=\"true\" aria-invalid=\"false\" value=\"\" type=\"text\" name=\"your-name\" \/><\/span> <\/label>\n<\/p>\n<p><label> S\u00e4hk\u00f6postiosoitteesi<br \/>\n<span class=\"wpcf7-form-control-wrap\" data-name=\"your-email\"><input size=\"40\" maxlength=\"400\" class=\"wpcf7-form-control wpcf7-email wpcf7-validates-as-required wpcf7-text wpcf7-validates-as-email\" autocomplete=\"email\" aria-required=\"true\" aria-invalid=\"false\" value=\"\" type=\"email\" name=\"your-email\" \/><\/span> <\/label>\n<\/p>\n<p><label> Aihe<br \/>\n<span class=\"wpcf7-form-control-wrap\" data-name=\"your-subject\"><input size=\"40\" maxlength=\"400\" class=\"wpcf7-form-control wpcf7-text wpcf7-validates-as-required\" aria-required=\"true\" aria-invalid=\"false\" value=\"\" type=\"text\" name=\"your-subject\" \/><\/span> <\/label>\n<\/p>\n<p><label> Viestisi<br \/>\n<span class=\"wpcf7-form-control-wrap\" data-name=\"your-message\"><textarea cols=\"40\" rows=\"10\" maxlength=\"2000\" class=\"wpcf7-form-control wpcf7-textarea\" aria-invalid=\"false\" name=\"your-message\"><\/textarea><\/span> <\/label>\n<\/p>\n<p><input class=\"wpcf7-form-control wpcf7-submit has-spinner\" type=\"submit\" value=\"L\u00e4het\u00e4\" \/>\n<\/p><div class=\"wpcf7-response-output\" aria-hidden=\"true\"><\/div>\n<\/form>\n<\/div>\n\t\t\t\t\t\t\t\t<\/div>\n\t\t\t\t\t<\/div>\n\t\t\t\t<\/div>\n\t\t\t\t<\/div>\n\t\t","protected":false},"excerpt":{"rendered":"<p>Kev\u00e4tkauden 2026 workshopit Tanssi- ja liikeimprovisaatio, workshop harrastajille ja aloittelijoille.\u00a0 T\u00e4ss\u00e4 workshopissa tutustutaan tanssi- ja liikeimprovisaatioon kehon kuuntelun, mielikuvien ja lempeiden harjoitteiden kautta. Tutkimme liikett\u00e4, tilaa ja rytmi\u00e4 ilman suorituspaineita, jokaisen omista l\u00e4ht\u00f6kohdista k\u00e4sin. Workshop tukee luovaa liikkumista, kehotietoisuutta ja liikkeen iloa. Sopii aloittelijoille sek\u00e4 tanssia tai tanssillisia tunteja harrastaneille. Aiempaa improvisaatiokokemusta ei tarvita. Kurssi [&hellip;]<\/p>\n","protected":false},"author":1,"featured_media":0,"parent":0,"menu_order":0,"comment_status":"closed","ping_status":"closed","template":"","meta":{"footnotes":""},"class_list":["post-1105","page","type-page","status-publish","hentry"],"_links":{"self":[{"href":"https:\/\/tanssituulia.com\/index.php\/wp-json\/wp\/v2\/pages\/1105","targetHints":{"allow":["GET"]}}],"collection":[{"href":"https:\/\/tanssituulia.com\/index.php\/wp-json\/wp\/v2\/pages"}],"about":[{"href":"https:\/\/tanssituulia.com\/index.php\/wp-json\/wp\/v2\/types\/page"}],"author":[{"embeddable":true,"href":"https:\/\/tanssituulia.com\/index.php\/wp-json\/wp\/v2\/users\/1"}],"replies":[{"embeddable":true,"href":"https:\/\/tanssituulia.com\/index.php\/wp-json\/wp\/v2\/comments?post=1105"}],"version-history":[{"count":22,"href":"https:\/\/tanssituulia.com\/index.php\/wp-json\/wp\/v2\/pages\/1105\/revisions"}],"predecessor-version":[{"id":1178,"href":"https:\/\/tanssituulia.com\/index.php\/wp-json\/wp\/v2\/pages\/1105\/revisions\/1178"}],"wp:attachment":[{"href":"https:\/\/tanssituulia.com\/index.php\/wp-json\/wp\/v2\/media?parent=1105"}],"curies":[{"name":"wp","href":"https:\/\/api.w.org\/{rel}","templated":true}]}}