{"id":215,"date":"2025-09-04T12:32:22","date_gmt":"2025-09-04T12:32:22","guid":{"rendered":"https:\/\/tanssituulia.com\/?page_id=215"},"modified":"2026-01-09T17:15:00","modified_gmt":"2026-01-09T17:15:00","slug":"pienryhmavalmennus","status":"publish","type":"page","link":"https:\/\/tanssituulia.com\/index.php\/pienryhmavalmennus\/","title":{"rendered":"Bio"},"content":{"rendered":"\t\t<div data-elementor-type=\"wp-page\" data-elementor-id=\"215\" class=\"elementor elementor-215\">\n\t\t\t\t<div class=\"elementor-element elementor-element-75d575d e-flex e-con-boxed e-con e-parent\" data-id=\"75d575d\" data-element_type=\"container\">\n\t\t\t\t\t<div class=\"e-con-inner\">\n\t\t\t\t<div class=\"elementor-element elementor-element-3be7037 elementor-widget elementor-widget-heading\" data-id=\"3be7037\" data-element_type=\"widget\" data-widget_type=\"heading.default\">\n\t\t\t\t\t<h2 class=\"elementor-heading-title elementor-size-default\">Tanssituulia - Tuula Malo<\/h2>\t\t\t\t<\/div>\n\t\t\t\t\t<\/div>\n\t\t\t\t<\/div>\n\t\t<div class=\"elementor-element elementor-element-f7409fc e-grid e-con-full e-con e-parent\" data-id=\"f7409fc\" data-element_type=\"container\">\n\t\t\t\t<div class=\"elementor-element elementor-element-57b1de7 elementor-widget elementor-widget-text-editor\" data-id=\"57b1de7\" data-element_type=\"widget\" data-widget_type=\"text-editor.default\">\n\t\t\t\t\t\t\t\t\t<p>Tanssi on minulle el\u00e4m\u00e4ntapa! Olen tanssinut reilusti yli puolet el\u00e4m\u00e4st\u00e4ni. Tanssinopetuksen aloitin jo pian oman harrastuspolun aloittamisen j\u00e4lkeen. Ammattimaisempaa tanssinopetuksesta tuli luonnollisesti opintojen my\u00f6t\u00e4. Koulutukseni tulee liikunnan ja urheilun puolelta, sek\u00e4 lis\u00e4ksi olen suorittanut tanssipedagogiikan erikoistumisopinnot Jyv\u00e4skyl\u00e4n yliopistossa. Olen saanut kiitosta oppilailtani erityisesti juuri pedagogisesta osaamisestani sek\u00e4 eri tanssilajien osaamisesta ja lajien valjastamisesta eri tasoisille tanssijoille sopiviksi.<\/p><p>Koreografin t\u00f6it\u00e4 olen p\u00e4\u00e4ssyt tekem\u00e4\u00e4n muun muassa teatteriin ja oppilasn\u00e4yt\u00f6ksiin. Olen itse esiintynyt tanssijana mm. teattereissa, n\u00e4yt\u00f6ksiss\u00e4 ja musiikkivideoilla. Olen kilpaillut tanssijana eri muodostelmien ja pienryhmien kanssa, lajeina katutanssit, performing arts lajit ja lattarit. Olen saavuttanut kolme SM kultaa katutanssimuodostelmista sek\u00e4 yhden SM kullan performing arts muodostelmasta. Katutanssimuodostelmalla olen saavuttanut my\u00f6s MM semifinaalipaikan.<\/p><p>Olen toiminut my\u00f6s fysiikkavalmentajana sek\u00e4 kuntosaliohjaajana, ja kehonhuoltotuntien, kuten joogan, pilateksen ja barren ohjaajana. Kehonhuoltotunneista kiinnostuin hyvin luontevasti, sill\u00e4 eri harjoitukset tukivat omaa tanssimistani. Sit\u00e4 kautta halusin kehitty\u00e4 my\u00f6s niiden opettamisessa.<\/p>\t\t\t\t\t\t\t\t<\/div>\n\t\t\t\t<div class=\"elementor-element elementor-element-837865f elementor-widget elementor-widget-image\" data-id=\"837865f\" data-element_type=\"widget\" data-widget_type=\"image.default\">\n\t\t\t\t\t\t\t\t\t\t\t\t\t\t\t<img fetchpriority=\"high\" decoding=\"async\" width=\"640\" height=\"960\" src=\"https:\/\/tanssituulia.com\/wp-content\/uploads\/2025\/09\/WhatsApp-Kuva-2024-03-11-klo-16.04.48_3b7a5b98.webp\" class=\"attachment-large size-large wp-image-429\" alt=\"\" srcset=\"https:\/\/tanssituulia.com\/wp-content\/uploads\/2025\/09\/WhatsApp-Kuva-2024-03-11-klo-16.04.48_3b7a5b98.webp 640w, https:\/\/tanssituulia.com\/wp-content\/uploads\/2025\/09\/WhatsApp-Kuva-2024-03-11-klo-16.04.48_3b7a5b98-200x300.webp 200w\" sizes=\"(max-width: 640px) 100vw, 640px\" \/>\t\t\t\t\t\t\t\t\t\t\t\t\t\t\t<\/div>\n\t\t\t\t<div class=\"elementor-element elementor-element-4dd0114 elementor-widget elementor-widget-text-editor\" data-id=\"4dd0114\" data-element_type=\"widget\" data-widget_type=\"text-editor.default\">\n\t\t\t\t\t\t\t\t\t<p>Monipuolinen taustani, eri lajien vahva osaaminen, n\u00e4kyykin opetusty\u00f6ss\u00e4ni eri vivahteina, koreografioissa tai muissa tuntien harjoituksissa. Tykk\u00e4\u00e4n ammentaa eri lajien sis\u00e4lt\u00f6\u00e4 ja muokata niit\u00e4 toisiin lajeihin ja eri ik\u00e4ryhmille sopiviksi.<\/p><p>Opetusty\u00f6ss\u00e4ni olen p\u00e4\u00e4ssyt opettamaan kaikenik\u00e4isi\u00e4 sek\u00e4 erityisryhmi\u00e4. Olen opettanut raskaana olevia, \u00e4iti &amp; vauva -tunteja, taapero- ja lastentanssitunteja, nuoria, aikuisia sek\u00e4 senioreita.<\/p><p>Viimeiset 12 vuotta olen keskittynyt erityisesti 60+ ik\u00e4isten opettamiseen, niin tanssituntien kuin kehonhuoltotuntienkin osalta, joskin olen opettanut kausittain my\u00f6s nuoria ja aikuisia.<\/p><p>Opetuksessani n\u00e4kyy vahva ammattitaito, pitk\u00e4 kokemus, eri ik\u00e4isten ja eri lajien opettamisesta,\u00a0 mutta my\u00f6s uudistuminen, luovuus, tanssin ja liikkeen ilo!\u00a0<\/p>\t\t\t\t\t\t\t\t<\/div>\n\t\t\t\t<\/div>\n\t\t\t\t<\/div>\n\t\t","protected":false},"excerpt":{"rendered":"<p>Tanssituulia &#8211; Tuula Malo Tanssi on minulle el\u00e4m\u00e4ntapa! Olen tanssinut reilusti yli puolet el\u00e4m\u00e4st\u00e4ni. Tanssinopetuksen aloitin jo pian oman harrastuspolun aloittamisen j\u00e4lkeen. Ammattimaisempaa tanssinopetuksesta tuli luonnollisesti opintojen my\u00f6t\u00e4. Koulutukseni tulee liikunnan ja urheilun puolelta, sek\u00e4 lis\u00e4ksi olen suorittanut tanssipedagogiikan erikoistumisopinnot Jyv\u00e4skyl\u00e4n yliopistossa. Olen saanut kiitosta oppilailtani erityisesti juuri pedagogisesta osaamisestani sek\u00e4 eri tanssilajien osaamisesta ja [&hellip;]<\/p>\n","protected":false},"author":1,"featured_media":0,"parent":0,"menu_order":0,"comment_status":"closed","ping_status":"closed","template":"","meta":{"footnotes":""},"class_list":["post-215","page","type-page","status-publish","hentry"],"_links":{"self":[{"href":"https:\/\/tanssituulia.com\/index.php\/wp-json\/wp\/v2\/pages\/215","targetHints":{"allow":["GET"]}}],"collection":[{"href":"https:\/\/tanssituulia.com\/index.php\/wp-json\/wp\/v2\/pages"}],"about":[{"href":"https:\/\/tanssituulia.com\/index.php\/wp-json\/wp\/v2\/types\/page"}],"author":[{"embeddable":true,"href":"https:\/\/tanssituulia.com\/index.php\/wp-json\/wp\/v2\/users\/1"}],"replies":[{"embeddable":true,"href":"https:\/\/tanssituulia.com\/index.php\/wp-json\/wp\/v2\/comments?post=215"}],"version-history":[{"count":141,"href":"https:\/\/tanssituulia.com\/index.php\/wp-json\/wp\/v2\/pages\/215\/revisions"}],"predecessor-version":[{"id":948,"href":"https:\/\/tanssituulia.com\/index.php\/wp-json\/wp\/v2\/pages\/215\/revisions\/948"}],"wp:attachment":[{"href":"https:\/\/tanssituulia.com\/index.php\/wp-json\/wp\/v2\/media?parent=215"}],"curies":[{"name":"wp","href":"https:\/\/api.w.org\/{rel}","templated":true}]}}