{"id":454,"date":"2025-09-05T07:55:08","date_gmt":"2025-09-05T07:55:08","guid":{"rendered":"https:\/\/tanssituulia.com\/?page_id=454"},"modified":"2026-02-04T22:21:26","modified_gmt":"2026-02-04T22:21:26","slug":"tanssituulia","status":"publish","type":"page","link":"https:\/\/tanssituulia.com\/","title":{"rendered":"Tanssituulia"},"content":{"rendered":"\t\t<div data-elementor-type=\"wp-page\" data-elementor-id=\"454\" class=\"elementor elementor-454\">\n\t\t\t\t<div class=\"elementor-element elementor-element-364b3ac e-flex e-con-boxed e-con e-parent\" data-id=\"364b3ac\" data-element_type=\"container\">\n\t\t\t\t\t<div class=\"e-con-inner\">\n\t\t\t\t<div class=\"elementor-element elementor-element-09e07ff elementor-widget elementor-widget-heading\" data-id=\"09e07ff\" data-element_type=\"widget\" data-widget_type=\"heading.default\">\n\t\t\t\t\t<h2 class=\"elementor-heading-title elementor-size-default\">Tanssituulia<\/h2>\t\t\t\t<\/div>\n\t\t\t\t\t<\/div>\n\t\t\t\t<\/div>\n\t\t<div class=\"elementor-element elementor-element-d3e1f4f e-flex e-con-boxed e-con e-parent\" data-id=\"d3e1f4f\" data-element_type=\"container\">\n\t\t\t\t\t<div class=\"e-con-inner\">\n\t\t\t\t<div class=\"elementor-element elementor-element-fc01a8c elementor-widget elementor-widget-text-editor\" data-id=\"fc01a8c\" data-element_type=\"widget\" data-widget_type=\"text-editor.default\">\n\t\t\t\t\t\t\t\t\t<p>Hei,&nbsp;<\/p>\n<p>Olen Tuula Malo, tanssin ja kehonhallinnan moniammattilainen, jolla on pitk\u00e4 kokemus tanssitaiteen kent\u00e4lt\u00e4, niin tanssijan roolista, koreografin t\u00f6ist\u00e4 kuin tanssinopetuksestakin. Minulla on vahva osaaminen kehonhuollosta ja fysiikkavalmennuksesta, sill\u00e4 urani aikana olen kouluttautunut tanssin lis\u00e4ksi my\u00f6s liikunnan ja urheilun puolelta, sek\u00e4 ty\u00f6skennellyt laajasti tanssin, liikunnan ja hyvinvoinnin parissa. Opetusty\u00f6ss\u00e4ni olen erikoistunut 45+ ja 60+ -ik\u00e4ryhmiin, tarjoten ammattimaista tanssinopetusta sek\u00e4 kehoa tukevaa harjoittelua.<\/p>\n<p data-start=\"1105\" data-end=\"1362\">Opetukseni pohjautuu vahvaan pedagogiseen osaamiseen, laajaan lajituntemukseen ja ymm\u00e4rrykseen eri-ik\u00e4isten kehojen tarpeista. Tanssinopetuksen ohella ohjaan barrea, pilatesta, joogaa ja voimaharjoittelua, jotka tukevat&nbsp; kehittymist\u00e4 ja arjen toimintakyky\u00e4.<\/p>\n<p data-start=\"1364\" data-end=\"1449\">Koreografin t\u00f6it\u00e4 teen muun muassa teatteriin, kilpatasolla tanssiville ryhmille ja duoille sek\u00e4 toimin yhteis\u00f6tanssiprojekteissa koreografina ja ty\u00f6pajaohjaajana.<\/p>\n<p data-start=\"1364\" data-end=\"1449\">Voit tutustua minuun tarkemmin Bio -valikosta.<\/p>\n<p data-start=\"1364\" data-end=\"1449\">Tervetuloa sivuilleni \ud83d\ude42&nbsp;<\/p>\t\t\t\t\t\t\t\t<\/div>\n\t\t<div class=\"elementor-element elementor-element-ba88e30 e-con-full e-flex e-con e-child\" data-id=\"ba88e30\" data-element_type=\"container\">\n\t\t<div class=\"elementor-element elementor-element-5a53e2e e-con-full e-flex e-con e-child\" data-id=\"5a53e2e\" data-element_type=\"container\">\n\t\t\t\t<\/div>\n\t\t\t\t<\/div>\n\t\t\t\t<div class=\"elementor-element elementor-element-d08b31c elementor-widget elementor-widget-image\" data-id=\"d08b31c\" data-element_type=\"widget\" data-widget_type=\"image.default\">\n\t\t\t\t\t\t\t\t\t\t\t\t<figure class=\"wp-caption\">\n\t\t\t\t\t\t\t\t\t\t<img fetchpriority=\"high\" decoding=\"async\" width=\"683\" height=\"1024\" src=\"https:\/\/tanssituulia.com\/wp-content\/uploads\/2025\/05\/Tuula-Malo-Kasvokuva-scaled.jpg\" class=\"attachment-large size-large wp-image-10\" alt=\"\" \/>\t\t\t\t\t\t\t\t\t\t\t<figcaption class=\"widget-image-caption wp-caption-text\">Tanssi on minulle el\u00e4m\u00e4ntapa!<\/figcaption>\n\t\t\t\t\t\t\t\t\t\t<\/figure>\n\t\t\t\t\t\t\t\t\t<\/div>\n\t\t<div class=\"elementor-element elementor-element-a7d8199 e-con-full e-flex e-con e-child\" data-id=\"a7d8199\" data-element_type=\"container\">\n\t\t\t\t<\/div>\n\t\t\t\t\t<\/div>\n\t\t\t\t<\/div>\n\t\t<div class=\"elementor-element elementor-element-0e965f4 e-flex e-con-boxed e-con e-parent\" data-id=\"0e965f4\" data-element_type=\"container\">\n\t\t\t\t\t<div class=\"e-con-inner\">\n\t\t\t\t\t<\/div>\n\t\t\t\t<\/div>\n\t\t\t\t<\/div>\n\t\t","protected":false},"excerpt":{"rendered":"<p>Tanssituulia Hei,&nbsp; Olen Tuula Malo, tanssin ja kehonhallinnan moniammattilainen, jolla on pitk\u00e4 kokemus tanssitaiteen kent\u00e4lt\u00e4, niin tanssijan roolista, koreografin t\u00f6ist\u00e4 kuin tanssinopetuksestakin. Minulla on vahva osaaminen kehonhuollosta ja fysiikkavalmennuksesta, sill\u00e4 urani aikana olen kouluttautunut tanssin lis\u00e4ksi my\u00f6s liikunnan ja urheilun puolelta, sek\u00e4 ty\u00f6skennellyt laajasti tanssin, liikunnan ja hyvinvoinnin parissa. Opetusty\u00f6ss\u00e4ni olen erikoistunut 45+ ja 60+ [&hellip;]<\/p>\n","protected":false},"author":1,"featured_media":0,"parent":0,"menu_order":0,"comment_status":"closed","ping_status":"closed","template":"","meta":{"footnotes":""},"class_list":["post-454","page","type-page","status-publish","hentry"],"_links":{"self":[{"href":"https:\/\/tanssituulia.com\/index.php\/wp-json\/wp\/v2\/pages\/454","targetHints":{"allow":["GET"]}}],"collection":[{"href":"https:\/\/tanssituulia.com\/index.php\/wp-json\/wp\/v2\/pages"}],"about":[{"href":"https:\/\/tanssituulia.com\/index.php\/wp-json\/wp\/v2\/types\/page"}],"author":[{"embeddable":true,"href":"https:\/\/tanssituulia.com\/index.php\/wp-json\/wp\/v2\/users\/1"}],"replies":[{"embeddable":true,"href":"https:\/\/tanssituulia.com\/index.php\/wp-json\/wp\/v2\/comments?post=454"}],"version-history":[{"count":37,"href":"https:\/\/tanssituulia.com\/index.php\/wp-json\/wp\/v2\/pages\/454\/revisions"}],"predecessor-version":[{"id":1206,"href":"https:\/\/tanssituulia.com\/index.php\/wp-json\/wp\/v2\/pages\/454\/revisions\/1206"}],"wp:attachment":[{"href":"https:\/\/tanssituulia.com\/index.php\/wp-json\/wp\/v2\/media?parent=454"}],"curies":[{"name":"wp","href":"https:\/\/api.w.org\/{rel}","templated":true}]}}