{"id":873,"date":"2026-01-09T14:10:22","date_gmt":"2026-01-09T14:10:22","guid":{"rendered":"https:\/\/tanssituulia.com\/?page_id=873"},"modified":"2026-01-22T17:15:20","modified_gmt":"2026-01-22T17:15:20","slug":"koulutukset","status":"publish","type":"page","link":"https:\/\/tanssituulia.com\/index.php\/koulutukset\/","title":{"rendered":"Koulutukset"},"content":{"rendered":"\t\t<div data-elementor-type=\"wp-page\" data-elementor-id=\"873\" class=\"elementor elementor-873\">\n\t\t\t\t<div class=\"elementor-element elementor-element-6025594 e-flex e-con-boxed e-con e-parent\" data-id=\"6025594\" data-element_type=\"container\">\n\t\t\t\t\t<div class=\"e-con-inner\">\n\t\t\t\t<div class=\"elementor-element elementor-element-0481d18 elementor-widget elementor-widget-heading\" data-id=\"0481d18\" data-element_type=\"widget\" data-widget_type=\"heading.default\">\n\t\t\t\t\t<h2 class=\"elementor-heading-title elementor-size-default\">Syvenn\u00e4 osaamistasi 60+ tuntien ohjaamiseen<\/h2>\t\t\t\t<\/div>\n\t\t\t\t\t<\/div>\n\t\t\t\t<\/div>\n\t\t<div class=\"elementor-element elementor-element-e710fee e-grid e-con-boxed e-con e-parent\" data-id=\"e710fee\" data-element_type=\"container\">\n\t\t\t\t\t<div class=\"e-con-inner\">\n\t\t\t\t<div class=\"elementor-element elementor-element-a530427 elementor-widget elementor-widget-text-editor\" data-id=\"a530427\" data-element_type=\"widget\" data-widget_type=\"text-editor.default\">\n\t\t\t\t\t\t\t\t\t<p>Ik\u00e4\u00e4ntyvien ohjaamiseen tarvitaan erityisosaamista. Harjoittelun turvallisuuteen tulee kiinnitt\u00e4\u00e4 erityisesti huomiota, harjoittelun nousujohteisuutta ja kehittymist\u00e4 unohtamatta.\u00a0<\/p><p>60+ tuntien ohjaaminen on ollut itselleni syd\u00e4men asia jo vuodesta 2014. Siksi pystynkin toteamaan olevani asiantuntija t\u00e4ll\u00e4 osa-alueella. Haluan jakaa osaamistani eteenp\u00e4in, jotta saisimme ik\u00e4\u00e4ntyv\u00e4lle v\u00e4est\u00f6lle ammattitaitoista ja asiantuntevaa opetusta niin tanssissa, kuin kehonhuolto- ja voimaharjoittelussa.<\/p><p>Kurssi soveltuu tanssin kent\u00e4ll\u00e4 toimiville, tai esimerkiksi liikunnan pohjakoulutuksen saaneille, jotka haluavat syvent\u00e4\u00e4 osaamistaan ik\u00e4\u00e4ntyv\u00e4n v\u00e4est\u00f6n ohjaamisessa.\u00a0<\/p>\t\t\t\t\t\t\t\t<\/div>\n\t\t\t\t<div class=\"elementor-element elementor-element-929911b elementor-widget elementor-widget-image\" data-id=\"929911b\" data-element_type=\"widget\" data-widget_type=\"image.default\">\n\t\t\t\t\t\t\t\t\t\t\t\t\t\t\t<img fetchpriority=\"high\" decoding=\"async\" width=\"1024\" height=\"650\" src=\"https:\/\/tanssituulia.com\/wp-content\/uploads\/2025\/09\/Nettisivut-jooga4-1024x650.webp\" class=\"attachment-large size-large wp-image-315\" alt=\"\" srcset=\"https:\/\/tanssituulia.com\/wp-content\/uploads\/2025\/09\/Nettisivut-jooga4-1024x650.webp 1024w, https:\/\/tanssituulia.com\/wp-content\/uploads\/2025\/09\/Nettisivut-jooga4-300x191.webp 300w, https:\/\/tanssituulia.com\/wp-content\/uploads\/2025\/09\/Nettisivut-jooga4-768x488.webp 768w, https:\/\/tanssituulia.com\/wp-content\/uploads\/2025\/09\/Nettisivut-jooga4.webp 1280w\" sizes=\"(max-width: 1024px) 100vw, 1024px\" \/>\t\t\t\t\t\t\t\t\t\t\t\t\t\t\t<\/div>\n\t\t\t\t<div class=\"elementor-element elementor-element-2713c82 elementor-widget elementor-widget-text-editor\" data-id=\"2713c82\" data-element_type=\"widget\" data-widget_type=\"text-editor.default\">\n\t\t\t\t\t\t\t\t\t<p><strong>Syvenn\u00e4 osaamistasi 60+ tuntien ohjaukseen<\/strong><\/p><p>Kurssi koostuu kolmesta eri osa-alueesta, tanssituntien, kehonhuoltotuntien ja voimaharjoittelun ohjaamisesta. Voit halutessasi osallistua kaikkiin kolmeen (edullisin vaihtoehto), tai yksitt\u00e4isille kursseille.\u00a0<\/p><p>Kaikki kurssit sis\u00e4lt\u00e4v\u00e4t 7 tuntia l\u00e4hiopetusta sek\u00e4 3 tuntia verkossa tapahtuvina osioina, joita ovat mm. aloitusinfo ja l\u00e4hiopetukseen valmistavat teht\u00e4v\u00e4t, verkkoluennot sek\u00e4 kurssin p\u00e4\u00e4t\u00f6steht\u00e4v\u00e4t ja niiden purku.\u00a0<\/p><p>Koko koulutuskokonaisuus (3 kurssia 30 h): 799 \u20ac\u00a0<br \/>Yksi kurssi (10 h): 299 \u20ac\u00a0<\/p>\t\t\t\t\t\t\t\t<\/div>\n\t\t\t\t<div class=\"elementor-element elementor-element-2c500d9 elementor-widget elementor-widget-text-editor\" data-id=\"2c500d9\" data-element_type=\"widget\" data-widget_type=\"text-editor.default\">\n\t\t\t\t\t\t\t\t\t<p><strong>Kurssi 1, tanssin opettaminen<\/strong>\u00a0<br \/>L\u00e4hiopetusp\u00e4iv\u00e4t, kev\u00e4t 2026<br \/>La 25.4. klo 10:00-14:00<br \/>Su 26.4. klo 11:00-13:00<\/p><p><strong>Kurssi 2, kehonhuollon ohjaaminen<br \/><\/strong>L\u00e4hiopetusp\u00e4iv\u00e4t, kev\u00e4t 2026<br \/>La 2.5. klo 10:00-14:00<br \/>Su 3.5. klo 11:00-13:00<\/p><p><strong>Kurssi 3, voimaharjoittelun ohjaaminen<br \/><\/strong>L\u00e4hiopetusp\u00e4iv\u00e4t, kes\u00e4 2026<br \/>La 13.6. klo 10:00-14:00<br \/>Su 14.6. klo 11:00-13:00<\/p>\t\t\t\t\t\t\t\t<\/div>\n\t\t\t\t<div class=\"elementor-element elementor-element-5c33a61 elementor-widget elementor-widget-text-editor\" data-id=\"5c33a61\" data-element_type=\"widget\" data-widget_type=\"text-editor.default\">\n\t\t\t\t\t\t\t\t\t<p>Lis\u00e4tiedot ja ilmoittautuminen s\u00e4hk\u00f6postilla tai yhteydenottolomakkeen kautta:<\/p><p>tuulamalo@icloud.com<\/p>\n<div class=\"wpcf7 no-js\" id=\"wpcf7-f671-o1\" lang=\"fi\" dir=\"ltr\" data-wpcf7-id=\"671\">\n<div class=\"screen-reader-response\"><p role=\"status\" aria-live=\"polite\" aria-atomic=\"true\"><\/p> <ul><\/ul><\/div>\n<form action=\"\/index.php\/wp-json\/wp\/v2\/pages\/873#wpcf7-f671-o1\" method=\"post\" class=\"wpcf7-form init\" aria-label=\"Yhteydenottolomake\" novalidate=\"novalidate\" data-status=\"init\">\n<fieldset class=\"hidden-fields-container\"><input type=\"hidden\" name=\"_wpcf7\" value=\"671\" \/><input type=\"hidden\" name=\"_wpcf7_version\" value=\"6.1.2\" \/><input type=\"hidden\" name=\"_wpcf7_locale\" value=\"fi\" \/><input type=\"hidden\" name=\"_wpcf7_unit_tag\" value=\"wpcf7-f671-o1\" \/><input type=\"hidden\" name=\"_wpcf7_container_post\" value=\"0\" \/><input type=\"hidden\" name=\"_wpcf7_posted_data_hash\" value=\"\" \/>\n<\/fieldset>\n<p><label> Nimesi<br \/>\n<span class=\"wpcf7-form-control-wrap\" data-name=\"your-name\"><input size=\"40\" maxlength=\"400\" class=\"wpcf7-form-control wpcf7-text wpcf7-validates-as-required\" autocomplete=\"name\" aria-required=\"true\" aria-invalid=\"false\" value=\"\" type=\"text\" name=\"your-name\" \/><\/span> <\/label>\n<\/p>\n<p><label> S\u00e4hk\u00f6postiosoitteesi<br \/>\n<span class=\"wpcf7-form-control-wrap\" data-name=\"your-email\"><input size=\"40\" maxlength=\"400\" class=\"wpcf7-form-control wpcf7-email wpcf7-validates-as-required wpcf7-text wpcf7-validates-as-email\" autocomplete=\"email\" aria-required=\"true\" aria-invalid=\"false\" value=\"\" type=\"email\" name=\"your-email\" \/><\/span> <\/label>\n<\/p>\n<p><label> Aihe<br \/>\n<span class=\"wpcf7-form-control-wrap\" data-name=\"your-subject\"><input size=\"40\" maxlength=\"400\" class=\"wpcf7-form-control wpcf7-text wpcf7-validates-as-required\" aria-required=\"true\" aria-invalid=\"false\" value=\"\" type=\"text\" name=\"your-subject\" \/><\/span> <\/label>\n<\/p>\n<p><label> Viestisi<br \/>\n<span class=\"wpcf7-form-control-wrap\" data-name=\"your-message\"><textarea cols=\"40\" rows=\"10\" maxlength=\"2000\" class=\"wpcf7-form-control wpcf7-textarea\" aria-invalid=\"false\" name=\"your-message\"><\/textarea><\/span> <\/label>\n<\/p>\n<p><input class=\"wpcf7-form-control wpcf7-submit has-spinner\" type=\"submit\" value=\"L\u00e4het\u00e4\" \/>\n<\/p><div class=\"wpcf7-response-output\" aria-hidden=\"true\"><\/div>\n<\/form>\n<\/div>\n\t\t\t\t\t\t\t\t<\/div>\n\t\t\t\t\t<\/div>\n\t\t\t\t<\/div>\n\t\t<div class=\"elementor-element elementor-element-d2565c8 e-grid e-con-boxed e-con e-parent\" data-id=\"d2565c8\" data-element_type=\"container\">\n\t\t\t\t\t<div class=\"e-con-inner\">\n\t\t\t\t\t<\/div>\n\t\t\t\t<\/div>\n\t\t\t\t<\/div>\n\t\t","protected":false},"excerpt":{"rendered":"<p>Syvenn\u00e4 osaamistasi 60+ tuntien ohjaamiseen Ik\u00e4\u00e4ntyvien ohjaamiseen tarvitaan erityisosaamista. Harjoittelun turvallisuuteen tulee kiinnitt\u00e4\u00e4 erityisesti huomiota, harjoittelun nousujohteisuutta ja kehittymist\u00e4 unohtamatta.\u00a0 60+ tuntien ohjaaminen on ollut itselleni syd\u00e4men asia jo vuodesta 2014. Siksi pystynkin toteamaan olevani asiantuntija t\u00e4ll\u00e4 osa-alueella. Haluan jakaa osaamistani eteenp\u00e4in, jotta saisimme ik\u00e4\u00e4ntyv\u00e4lle v\u00e4est\u00f6lle ammattitaitoista ja asiantuntevaa opetusta niin tanssissa, kuin kehonhuolto- ja [&hellip;]<\/p>\n","protected":false},"author":1,"featured_media":0,"parent":0,"menu_order":0,"comment_status":"closed","ping_status":"closed","template":"","meta":{"footnotes":""},"class_list":["post-873","page","type-page","status-publish","hentry"],"_links":{"self":[{"href":"https:\/\/tanssituulia.com\/index.php\/wp-json\/wp\/v2\/pages\/873","targetHints":{"allow":["GET"]}}],"collection":[{"href":"https:\/\/tanssituulia.com\/index.php\/wp-json\/wp\/v2\/pages"}],"about":[{"href":"https:\/\/tanssituulia.com\/index.php\/wp-json\/wp\/v2\/types\/page"}],"author":[{"embeddable":true,"href":"https:\/\/tanssituulia.com\/index.php\/wp-json\/wp\/v2\/users\/1"}],"replies":[{"embeddable":true,"href":"https:\/\/tanssituulia.com\/index.php\/wp-json\/wp\/v2\/comments?post=873"}],"version-history":[{"count":31,"href":"https:\/\/tanssituulia.com\/index.php\/wp-json\/wp\/v2\/pages\/873\/revisions"}],"predecessor-version":[{"id":1184,"href":"https:\/\/tanssituulia.com\/index.php\/wp-json\/wp\/v2\/pages\/873\/revisions\/1184"}],"wp:attachment":[{"href":"https:\/\/tanssituulia.com\/index.php\/wp-json\/wp\/v2\/media?parent=873"}],"curies":[{"name":"wp","href":"https:\/\/api.w.org\/{rel}","templated":true}]}}