{"id":966,"date":"2026-01-10T10:32:16","date_gmt":"2026-01-10T10:32:16","guid":{"rendered":"https:\/\/tanssituulia.com\/?page_id=966"},"modified":"2026-02-03T12:09:33","modified_gmt":"2026-02-03T12:09:33","slug":"yhteisotanssi","status":"publish","type":"page","link":"https:\/\/tanssituulia.com\/index.php\/yhteisotanssi\/","title":{"rendered":"Yhteis\u00f6tanssi"},"content":{"rendered":"\t\t<div data-elementor-type=\"wp-page\" data-elementor-id=\"966\" class=\"elementor elementor-966\">\n\t\t\t\t<div class=\"elementor-element elementor-element-3af6c3c e-grid e-con-boxed e-con e-parent\" data-id=\"3af6c3c\" data-element_type=\"container\">\n\t\t\t\t\t<div class=\"e-con-inner\">\n\t\t\t\t<div class=\"elementor-element elementor-element-d8b0b38 elementor-widget elementor-widget-text-editor\" data-id=\"d8b0b38\" data-element_type=\"widget\" data-widget_type=\"text-editor.default\">\n\t\t\t\t\t\t\t\t\t<p><strong>YHTEIS\u00d6TANSSI<\/strong><\/p><p>Yhteis\u00f6tanssi on kaikille avointa, ohjattua toimintaa, jossa korostuvat yhteis\u00f6llisyys, osallistava ote, luovuus, tanssin ja liikkeen ilo. Yhteis\u00f6tanssiin voit tulla juuri sellaisena kuin olet, ilman suorituspaineita.\u00a0<\/p><p>Osallistujien oma persoonallinen liikekieli ja tanssin yhdess\u00e4 rakentaminen antaa tilaa osallistujille loistaa omina itsein\u00e4\u00e4n, mutta yhdess\u00e4 tekem\u00e4ll\u00e4.<\/p><p>Yhteis\u00f6tanssin perustana on improvisaatioharjoitukset, tanssin ja liikkeen tulkinta ja ilmaisu kunkin osallistujan omista l\u00e4ht\u00f6kohdista, kehoa kuunnellen ja kunnioittaen.<\/p><p>Yhteis\u00f6tanssi tukee kehon ja mielen hyvinvointia.<\/p>\t\t\t\t\t\t\t\t<\/div>\n\t\t\t\t<div class=\"elementor-element elementor-element-6e16383 elementor-widget elementor-widget-image\" data-id=\"6e16383\" data-element_type=\"widget\" data-widget_type=\"image.default\">\n\t\t\t\t\t\t\t\t\t\t\t\t\t\t\t<img fetchpriority=\"high\" decoding=\"async\" width=\"1024\" height=\"683\" src=\"https:\/\/tanssituulia.com\/wp-content\/uploads\/2025\/09\/Nettisivut-yhteisotanssi-1-1024x683.jpg\" class=\"attachment-large size-large wp-image-275\" alt=\"\" srcset=\"https:\/\/tanssituulia.com\/wp-content\/uploads\/2025\/09\/Nettisivut-yhteisotanssi-1-1024x683.jpg 1024w, https:\/\/tanssituulia.com\/wp-content\/uploads\/2025\/09\/Nettisivut-yhteisotanssi-1-300x200.jpg 300w, https:\/\/tanssituulia.com\/wp-content\/uploads\/2025\/09\/Nettisivut-yhteisotanssi-1-768x512.jpg 768w, https:\/\/tanssituulia.com\/wp-content\/uploads\/2025\/09\/Nettisivut-yhteisotanssi-1.jpg 1280w\" sizes=\"(max-width: 1024px) 100vw, 1024px\" \/>\t\t\t\t\t\t\t\t\t\t\t\t\t\t\t<\/div>\n\t\t\t\t<div class=\"elementor-element elementor-element-0cacdc9 elementor-widget elementor-widget-text-editor\" data-id=\"0cacdc9\" data-element_type=\"widget\" data-widget_type=\"text-editor.default\">\n\t\t\t\t\t\t\t\t\t<p><strong>YHTEIS\u00d6TANSSIRYHM\u00c4<\/strong><\/p><p>Kev\u00e4tkauden 2026 yhteis\u00f6tanssiryhm\u00e4 starttaa helmikuun alussa. Ryhm\u00e4\u00e4n mahtuu 15 osallistujaa, ik\u00e4\u00e4n katsomatta. Yhteis\u00f6tanssiryhm\u00e4 esiintyy Helsinki p\u00e4iv\u00e4n tapahtumassa 12.6. sek\u00e4 Taiteiden y\u00f6ss\u00e4 20.8. Ryhm\u00e4n muodostuessa k\u00e4ymme l\u00e4pi mahdollisia muita esiintymisi\u00e4 eri tapahtumissa. Ryhm\u00e4ss\u00e4 voi olla mukana ilman osallistumista esiintymisiin.<\/p><p>Yhteis\u00f6tanssiryhm\u00e4 harjoittelee Ruoholahdessa. Ryhm\u00e4n ensimm\u00e4inen kokoontuminen on 22.2.2026 klo 17:30. Yhteis\u00f6tanssiryhm\u00e4n osallistumismaksu on 169 \u20ac (sis\u00e4lt\u00e4en 15 x 90 minuutin harjoituskertaa)\u00a0<\/p>\t\t\t\t\t\t\t\t<\/div>\n\t\t\t\t<div class=\"elementor-element elementor-element-25fa880 elementor-widget elementor-widget-text-editor\" data-id=\"25fa880\" data-element_type=\"widget\" data-widget_type=\"text-editor.default\">\n\t\t\t\t\t\t\t\t\t<p>Aikataulu:\u00a0<\/p><p>Perjantait 27.2., 13.3., 24.4. klo 15:30-17:00<br \/>Perjantai 6.3. klo 16:30-18:00<br \/>Perjantai 20.3. klo 13:00-14:30<br \/>Sunnuntait 22.2., 26.4. klo 17:30-19:00<br \/>Sunnuntait 8.3., 29.3., klo 11:30-13:00<br \/>Torstait 2.4., 16.4., 7.5. klo 12:00-13:30<br \/>Torstait 21.5., 28.5., 4.6., 11.6. klo 15:30-17:00<\/p><p>Ensimm\u00e4inen treenikerta on su 22.2. klo 17:30-19:00<\/p><p>Huomioithan, ett\u00e4 ennen elokuun Taiteiden y\u00f6n esityst\u00e4 pidet\u00e4\u00e4n 1-2 kertaavaa harjoitusta my\u00f6hemmin valittavina ajankohtina.\u00a0<\/p>\t\t\t\t\t\t\t\t<\/div>\n\t\t\t\t<div class=\"elementor-element elementor-element-a105fd7 elementor-widget elementor-widget-text-editor\" data-id=\"a105fd7\" data-element_type=\"widget\" data-widget_type=\"text-editor.default\">\n\t\t\t\t\t\t\t\t\t<p>Hae mukaan l\u00e4hett\u00e4m\u00e4ll\u00e4 viesti\u00e4 s\u00e4hk\u00f6postitse tai alla olevan lomakkeen kautta.\u00a0<\/p><p>tuulamalo@icloud.com\u00a0<\/p>\n<div class=\"wpcf7 no-js\" id=\"wpcf7-f671-o1\" lang=\"fi\" dir=\"ltr\" data-wpcf7-id=\"671\">\n<div class=\"screen-reader-response\"><p role=\"status\" aria-live=\"polite\" aria-atomic=\"true\"><\/p> <ul><\/ul><\/div>\n<form action=\"\/index.php\/wp-json\/wp\/v2\/pages\/966#wpcf7-f671-o1\" method=\"post\" class=\"wpcf7-form init\" aria-label=\"Yhteydenottolomake\" novalidate=\"novalidate\" data-status=\"init\">\n<fieldset class=\"hidden-fields-container\"><input type=\"hidden\" name=\"_wpcf7\" value=\"671\" \/><input type=\"hidden\" name=\"_wpcf7_version\" value=\"6.1.2\" \/><input type=\"hidden\" name=\"_wpcf7_locale\" value=\"fi\" \/><input type=\"hidden\" name=\"_wpcf7_unit_tag\" value=\"wpcf7-f671-o1\" \/><input type=\"hidden\" name=\"_wpcf7_container_post\" value=\"0\" \/><input type=\"hidden\" name=\"_wpcf7_posted_data_hash\" value=\"\" \/>\n<\/fieldset>\n<p><label> Nimesi<br \/>\n<span class=\"wpcf7-form-control-wrap\" data-name=\"your-name\"><input size=\"40\" maxlength=\"400\" class=\"wpcf7-form-control wpcf7-text wpcf7-validates-as-required\" autocomplete=\"name\" aria-required=\"true\" aria-invalid=\"false\" value=\"\" type=\"text\" name=\"your-name\" \/><\/span> <\/label>\n<\/p>\n<p><label> S\u00e4hk\u00f6postiosoitteesi<br \/>\n<span class=\"wpcf7-form-control-wrap\" data-name=\"your-email\"><input size=\"40\" maxlength=\"400\" class=\"wpcf7-form-control wpcf7-email wpcf7-validates-as-required wpcf7-text wpcf7-validates-as-email\" autocomplete=\"email\" aria-required=\"true\" aria-invalid=\"false\" value=\"\" type=\"email\" name=\"your-email\" \/><\/span> <\/label>\n<\/p>\n<p><label> Aihe<br \/>\n<span class=\"wpcf7-form-control-wrap\" data-name=\"your-subject\"><input size=\"40\" maxlength=\"400\" class=\"wpcf7-form-control wpcf7-text wpcf7-validates-as-required\" aria-required=\"true\" aria-invalid=\"false\" value=\"\" type=\"text\" name=\"your-subject\" \/><\/span> <\/label>\n<\/p>\n<p><label> Viestisi<br \/>\n<span class=\"wpcf7-form-control-wrap\" data-name=\"your-message\"><textarea cols=\"40\" rows=\"10\" maxlength=\"2000\" class=\"wpcf7-form-control wpcf7-textarea\" aria-invalid=\"false\" name=\"your-message\"><\/textarea><\/span> <\/label>\n<\/p>\n<p><input class=\"wpcf7-form-control wpcf7-submit has-spinner\" type=\"submit\" value=\"L\u00e4het\u00e4\" \/>\n<\/p><div class=\"wpcf7-response-output\" aria-hidden=\"true\"><\/div>\n<\/form>\n<\/div>\n\t\t\t\t\t\t\t\t<\/div>\n\t\t\t\t\t<\/div>\n\t\t\t\t<\/div>\n\t\t<div class=\"elementor-element elementor-element-35fefb6 e-grid e-con-boxed e-con e-parent\" data-id=\"35fefb6\" data-element_type=\"container\">\n\t\t\t\t\t<div class=\"e-con-inner\">\n\t\t\t\t\t<\/div>\n\t\t\t\t<\/div>\n\t\t\t\t<\/div>\n\t\t","protected":false},"excerpt":{"rendered":"<p>YHTEIS\u00d6TANSSI Yhteis\u00f6tanssi on kaikille avointa, ohjattua toimintaa, jossa korostuvat yhteis\u00f6llisyys, osallistava ote, luovuus, tanssin ja liikkeen ilo. Yhteis\u00f6tanssiin voit tulla juuri sellaisena kuin olet, ilman suorituspaineita.\u00a0 Osallistujien oma persoonallinen liikekieli ja tanssin yhdess\u00e4 rakentaminen antaa tilaa osallistujille loistaa omina itsein\u00e4\u00e4n, mutta yhdess\u00e4 tekem\u00e4ll\u00e4. Yhteis\u00f6tanssin perustana on improvisaatioharjoitukset, tanssin ja liikkeen tulkinta ja ilmaisu kunkin osallistujan [&hellip;]<\/p>\n","protected":false},"author":1,"featured_media":0,"parent":0,"menu_order":0,"comment_status":"closed","ping_status":"closed","template":"","meta":{"footnotes":""},"class_list":["post-966","page","type-page","status-publish","hentry"],"_links":{"self":[{"href":"https:\/\/tanssituulia.com\/index.php\/wp-json\/wp\/v2\/pages\/966","targetHints":{"allow":["GET"]}}],"collection":[{"href":"https:\/\/tanssituulia.com\/index.php\/wp-json\/wp\/v2\/pages"}],"about":[{"href":"https:\/\/tanssituulia.com\/index.php\/wp-json\/wp\/v2\/types\/page"}],"author":[{"embeddable":true,"href":"https:\/\/tanssituulia.com\/index.php\/wp-json\/wp\/v2\/users\/1"}],"replies":[{"embeddable":true,"href":"https:\/\/tanssituulia.com\/index.php\/wp-json\/wp\/v2\/comments?post=966"}],"version-history":[{"count":52,"href":"https:\/\/tanssituulia.com\/index.php\/wp-json\/wp\/v2\/pages\/966\/revisions"}],"predecessor-version":[{"id":1200,"href":"https:\/\/tanssituulia.com\/index.php\/wp-json\/wp\/v2\/pages\/966\/revisions\/1200"}],"wp:attachment":[{"href":"https:\/\/tanssituulia.com\/index.php\/wp-json\/wp\/v2\/media?parent=966"}],"curies":[{"name":"wp","href":"https:\/\/api.w.org\/{rel}","templated":true}]}}