{"id":975,"date":"2026-01-10T10:33:29","date_gmt":"2026-01-10T10:33:29","guid":{"rendered":"https:\/\/tanssituulia.com\/?page_id=975"},"modified":"2026-01-10T15:18:05","modified_gmt":"2026-01-10T15:18:05","slug":"lajiesittely","status":"publish","type":"page","link":"https:\/\/tanssituulia.com\/index.php\/lajiesittely\/","title":{"rendered":"Lajiesittely"},"content":{"rendered":"\t\t<div data-elementor-type=\"wp-page\" data-elementor-id=\"975\" class=\"elementor elementor-975\">\n\t\t\t\t<div class=\"elementor-element elementor-element-8fd5b47 e-grid e-con-boxed e-con e-parent\" data-id=\"8fd5b47\" data-element_type=\"container\">\n\t\t\t\t\t<div class=\"e-con-inner\">\n\t\t\t\t<div class=\"elementor-element elementor-element-1c37e30 elementor-widget elementor-widget-text-editor\" data-id=\"1c37e30\" data-element_type=\"widget\" data-widget_type=\"text-editor.default\">\n\t\t\t\t\t\t\t\t\t<p><strong>BARRE<\/strong><\/p><p>Barre on tanssijoiden kehittelem\u00e4 kuntoilumuoto, jonka perustana on baletin tankoharjoitukset. Lajiin yhdistell\u00e4\u00e4n lis\u00e4ksi esimerkiksi pilateksen ja joogan elementtej\u00e4. Barre lis\u00e4\u00e4 kehon liikkuvuutta, parantaa lihaskest\u00e4vyytt\u00e4 ja ryhti\u00e4 sek\u00e4 vahvistaa tasapainoa ja kehonhallintaa. Barre-tunneilla musiikki rytmitt\u00e4\u00e4 liikkeit\u00e4 ja luo treeniin tunnelmaa, vaikka tunti ei ole tanssitunti. Tanssitaustaa et siis tarvitse.<\/p>\t\t\t\t\t\t\t\t<\/div>\n\t\t\t\t<div class=\"elementor-element elementor-element-2a78b77 elementor-widget elementor-widget-image\" data-id=\"2a78b77\" data-element_type=\"widget\" data-widget_type=\"image.default\">\n\t\t\t\t\t\t\t\t\t\t\t\t\t\t\t<img fetchpriority=\"high\" decoding=\"async\" width=\"1024\" height=\"499\" src=\"https:\/\/tanssituulia.com\/wp-content\/uploads\/2025\/05\/ballet-3898440_1280-e1768054340744-1024x499.jpg\" class=\"attachment-large size-large wp-image-93\" alt=\"\" srcset=\"https:\/\/tanssituulia.com\/wp-content\/uploads\/2025\/05\/ballet-3898440_1280-e1768054340744-1024x499.jpg 1024w, https:\/\/tanssituulia.com\/wp-content\/uploads\/2025\/05\/ballet-3898440_1280-e1768054340744-300x146.jpg 300w, https:\/\/tanssituulia.com\/wp-content\/uploads\/2025\/05\/ballet-3898440_1280-e1768054340744-768x374.jpg 768w, https:\/\/tanssituulia.com\/wp-content\/uploads\/2025\/05\/ballet-3898440_1280-e1768054340744.jpg 1278w\" sizes=\"(max-width: 1024px) 100vw, 1024px\" \/>\t\t\t\t\t\t\t\t\t\t\t\t\t\t\t<\/div>\n\t\t\t\t<div class=\"elementor-element elementor-element-ad73270 elementor-widget elementor-widget-text-editor\" data-id=\"ad73270\" data-element_type=\"widget\" data-widget_type=\"text-editor.default\">\n\t\t\t\t\t\t\t\t\t<p><strong>FLOWJOOGA<\/strong><\/p><p>Flowjooga perustuu virtaavaan liikkeeseen, jolloin hengitys ja liike muodostavat liikkeiden jatkumon. Dynaaminen flowjooga soveltuu eri tasoisille osallistujille, sill\u00e4 liikesarjoja voi helpottaa tai vaikeuttaa oman tilanteen mukaan. T\u00e4m\u00e4 laji lis\u00e4\u00e4 kehonhallintaa ja liikkuvuutta, voimaa ja tasapainoa. Flowjoogan j\u00e4lkeen my\u00f6s mieli on lev\u00e4nnyt ja rauhoittunut. Harjoituksia tehd\u00e4\u00e4n matolla sek\u00e4 seisten.<\/p>\t\t\t\t\t\t\t\t<\/div>\n\t\t\t\t<div class=\"elementor-element elementor-element-bb8472f elementor-widget elementor-widget-text-editor\" data-id=\"bb8472f\" data-element_type=\"widget\" data-widget_type=\"text-editor.default\">\n\t\t\t\t\t\t\t\t\t<p><strong>BALANSIA<\/strong><\/p><p>Balansia yhdistelee pilateksen ja joogan liikkeit\u00e4. Keskivartalon tuki on keski\u00f6ss\u00e4. Liikesarjoja tehd\u00e4\u00e4n kontrolloidusti, rauhallisesti, oman hengityksen mukaillessa liikkeiden tahtia. Kehon linjaus, liikkuvuutta lis\u00e4\u00e4v\u00e4t liikkeet, rullaukset sek\u00e4 lihaksia vahvistavat ja venytt\u00e4v\u00e4t liikesarjat tulevat t\u00e4ss\u00e4 lajissa tutuiksi. Tasapainoharjoiukset ovat niin ik\u00e4\u00e4n osana Balansia tuntejani. Harjoituksia tehd\u00e4\u00e4n matolla sek\u00e4 seisten.\u00a0<\/p>\t\t\t\t\t\t\t\t<\/div>\n\t\t\t\t<div class=\"elementor-element elementor-element-51555a8 elementor-widget elementor-widget-text-editor\" data-id=\"51555a8\" data-element_type=\"widget\" data-widget_type=\"text-editor.default\">\n\t\t\t\t\t\t\t\t\t<p><strong>TUOLIJOOGA<\/strong><\/p><p>Tuolijooga on kevyempi versio flowjoogastani. Siksi se soveltuu erityisen hyvin senioreille, liikuntarajoitteisille, tai esimerkiksi loukkaantumisen j\u00e4lkeiseen palautumiseen. Tuolijooga kehitt\u00e4\u00e4 kehotietoisuutta, lis\u00e4\u00e4 turvallisesti liikkuvuutta ja vahvistaa kehoa. Dynaaminen ja virtaava liike vahvistaa kehoa lempe\u00e4sti sek\u00e4 rentouttaa mielt\u00e4. Ryhm\u00e4kohtaisesti tunteja ohjataan joko kokonaan istuen, tai lis\u00e4\u00e4m\u00e4ll\u00e4 osioita, joissa tuoli tukee seisten tehtyj\u00e4 liikkeit\u00e4.<\/p>\t\t\t\t\t\t\t\t<\/div>\n\t\t\t\t<div class=\"elementor-element elementor-element-40a1f56 elementor-widget elementor-widget-image\" data-id=\"40a1f56\" data-element_type=\"widget\" data-widget_type=\"image.default\">\n\t\t\t\t\t\t\t\t\t\t\t\t\t\t\t<img decoding=\"async\" width=\"1024\" height=\"478\" src=\"https:\/\/tanssituulia.com\/wp-content\/uploads\/2025\/09\/Nettisivut-tanssi2-e1768056198401-1024x478.jpg\" class=\"attachment-large size-large wp-image-273\" alt=\"\" srcset=\"https:\/\/tanssituulia.com\/wp-content\/uploads\/2025\/09\/Nettisivut-tanssi2-e1768056198401-1024x478.jpg 1024w, https:\/\/tanssituulia.com\/wp-content\/uploads\/2025\/09\/Nettisivut-tanssi2-e1768056198401-300x140.jpg 300w, https:\/\/tanssituulia.com\/wp-content\/uploads\/2025\/09\/Nettisivut-tanssi2-e1768056198401-768x358.jpg 768w, https:\/\/tanssituulia.com\/wp-content\/uploads\/2025\/09\/Nettisivut-tanssi2-e1768056198401.jpg 1280w\" sizes=\"(max-width: 1024px) 100vw, 1024px\" \/>\t\t\t\t\t\t\t\t\t\t\t\t\t\t\t<\/div>\n\t\t\t\t<div class=\"elementor-element elementor-element-c0b368e elementor-widget elementor-widget-text-editor\" data-id=\"c0b368e\" data-element_type=\"widget\" data-widget_type=\"text-editor.default\">\n\t\t\t\t\t\t\t\t\t<p><strong>LADYJAZZ<\/strong><\/p><p>Ladyjazz on iloinen ja energinen tanssitunti, jossa yhdistyv\u00e4t showtanssin n\u00e4ytt\u00e4vyys ja tanssin riemu sek\u00e4 jazztanssiin pohjautuva perustekniikka. Tunnilla kehitet\u00e4\u00e4n liikkuvuutta, tasapainoa ja koordinaatiota lempe\u00e4sti kehoa kuunnellen ja ik\u00e4 huomioiden. Koreografiat ovat selkeit\u00e4, mutta riitt\u00e4v\u00e4n haastavia, jolloin kehitys mahdollistuu. Koreografiat ne antavat tilaisuuden nauttia tanssista, ilmaisusta ja musiikista, yhdess\u00e4 liikkumisesta rennossa ilmapiiriss\u00e4.\u00a0<\/p>\t\t\t\t\t\t\t\t<\/div>\n\t\t\t\t<div class=\"elementor-element elementor-element-9fe558f elementor-widget elementor-widget-text-editor\" data-id=\"9fe558f\" data-element_type=\"widget\" data-widget_type=\"text-editor.default\">\n\t\t\t\t\t\t\t\t\t<p><strong>NYKYTANSSI<\/strong>\u00a0<\/p><p>Nykytanssi on monipuolinen ja kehoa kuunteleva tanssitunti, jossa tutkitaan liikett\u00e4, hengityst\u00e4 ja ilmaisua ik\u00e4 huomioiden. Tunnilla kehitet\u00e4\u00e4n liikkuvuutta, kehonhallintaa ja tasapainoa lempe\u00e4sti, improvisaatiota ja yksinkertaisia liikesarjoja hy\u00f6dynt\u00e4en. Koreografisissa sarjoissa on vaikutteita eri tanssilajeista, antaen tilaa omalle ilmaisulle, oman liikekielen tutkimiselle. Nykytanssi tarjoaa liikkumisen iloa turvallisessa ja kannustavassa ilmapiiriss\u00e4.\u00a0<\/p>\t\t\t\t\t\t\t\t<\/div>\n\t\t\t\t<div class=\"elementor-element elementor-element-367343a elementor-widget elementor-widget-text-editor\" data-id=\"367343a\" data-element_type=\"widget\" data-widget_type=\"text-editor.default\">\n\t\t\t\t\t\t\t\t\t<p><strong>SOOLOLATTARIT<\/strong><\/p><p>Soololattarit on iloinen ja energinen, kuntoa kasvattava tanssitunti, jossa nautitaan lattarimusiikin rytmeist\u00e4 ja tanssin ilosta ik\u00e4 huomioiden. Lattaritunneilla tanssitaan kilpatanssiin sek\u00e4 afrokuubalaisiin tansseihin pohjautuvia lattaritansseja ilman paria, ryhm\u00e4ss\u00e4. Lajeina voivat olla siis esimerkiksi kilpatanssin askeleisiin perustuvat samba, cha cha ja rumba, ja afrokuubalaisiin rytmeihin perustuva salsa ja bachata &#8211; Argentiinalaista tangoa unohtamatta.<\/p>\t\t\t\t\t\t\t\t<\/div>\n\t\t\t\t<div class=\"elementor-element elementor-element-d6f22b2 elementor-widget elementor-widget-text-editor\" data-id=\"d6f22b2\" data-element_type=\"widget\" data-widget_type=\"text-editor.default\">\n\t\t\t\t\t\t\t\t\t<p><strong>HIP HOP<\/strong><\/p><p>Hip Hop on energinen ja hyv\u00e4ntuulinen tanssitunti, jossa nautitaan rytmist\u00e4, grooveista ja rennosta liikkeest\u00e4 ik\u00e4 huomioiden. Tunnilla harjoitellaan perusaskeleita ja helppoja sarjoja, kehitet\u00e4\u00e4n koordinaatiota, kehonhallintaa ja liikkuvuutta turvallisesti kehoa kuunnellen. Tunti tarjoaa iloa, itseilmaisua ja yhdess\u00e4 tekemisen fiilist\u00e4 &#8211; kunnon kohenemista unohtamatta.<\/p>\t\t\t\t\t\t\t\t<\/div>\n\t\t\t\t<div class=\"elementor-element elementor-element-27de423 elementor-widget elementor-widget-text-editor\" data-id=\"27de423\" data-element_type=\"widget\" data-widget_type=\"text-editor.default\">\n\t\t\t\t\t\t\t\t\t<p><strong>VOIMAHARJOITTELU<\/strong><\/p><p>Voimaharjoittelu on erityisen t\u00e4rke\u00e4\u00e4, koska ik\u00e4\u00e4ntyess\u00e4 lihasmassa ja voima v\u00e4henev\u00e4t luonnostaan. S\u00e4\u00e4nn\u00f6llinen harjoittelu auttaa yll\u00e4pit\u00e4m\u00e4\u00e4n liikuntakyky\u00e4, tasapainoa ja itsen\u00e4istyytt\u00e4, ehk\u00e4isee kaatumisia ja parantaa yleist\u00e4 hyvinvointia. Lis\u00e4ksi se tukee luuston terveytt\u00e4, aineenvaihduntaa ja mielialaa, auttaen nauttimaan aktiivisesta arjesta pidemp\u00e4\u00e4n.\u00a0<br \/>Moni meist\u00e4 mielt\u00e4\u00e4 voimaharjoittelun ep\u00e4mukavaksi, joten helposti lihastreeni j\u00e4\u00e4 liian v\u00e4h\u00e4iseksi, vaikka se olisikin juuri kaiken muun liikkumisen mahdollistava tekij\u00e4!<\/p>\t\t\t\t\t\t\t\t<\/div>\n\t\t\t\t\t<\/div>\n\t\t\t\t<\/div>\n\t\t\t\t<\/div>\n\t\t","protected":false},"excerpt":{"rendered":"<p>BARRE Barre on tanssijoiden kehittelem\u00e4 kuntoilumuoto, jonka perustana on baletin tankoharjoitukset. Lajiin yhdistell\u00e4\u00e4n lis\u00e4ksi esimerkiksi pilateksen ja joogan elementtej\u00e4. Barre lis\u00e4\u00e4 kehon liikkuvuutta, parantaa lihaskest\u00e4vyytt\u00e4 ja ryhti\u00e4 sek\u00e4 vahvistaa tasapainoa ja kehonhallintaa. Barre-tunneilla musiikki rytmitt\u00e4\u00e4 liikkeit\u00e4 ja luo treeniin tunnelmaa, vaikka tunti ei ole tanssitunti. Tanssitaustaa et siis tarvitse. FLOWJOOGA Flowjooga perustuu virtaavaan liikkeeseen, jolloin [&hellip;]<\/p>\n","protected":false},"author":1,"featured_media":0,"parent":0,"menu_order":0,"comment_status":"closed","ping_status":"closed","template":"","meta":{"footnotes":""},"class_list":["post-975","page","type-page","status-publish","hentry"],"_links":{"self":[{"href":"https:\/\/tanssituulia.com\/index.php\/wp-json\/wp\/v2\/pages\/975","targetHints":{"allow":["GET"]}}],"collection":[{"href":"https:\/\/tanssituulia.com\/index.php\/wp-json\/wp\/v2\/pages"}],"about":[{"href":"https:\/\/tanssituulia.com\/index.php\/wp-json\/wp\/v2\/types\/page"}],"author":[{"embeddable":true,"href":"https:\/\/tanssituulia.com\/index.php\/wp-json\/wp\/v2\/users\/1"}],"replies":[{"embeddable":true,"href":"https:\/\/tanssituulia.com\/index.php\/wp-json\/wp\/v2\/comments?post=975"}],"version-history":[{"count":26,"href":"https:\/\/tanssituulia.com\/index.php\/wp-json\/wp\/v2\/pages\/975\/revisions"}],"predecessor-version":[{"id":1029,"href":"https:\/\/tanssituulia.com\/index.php\/wp-json\/wp\/v2\/pages\/975\/revisions\/1029"}],"wp:attachment":[{"href":"https:\/\/tanssituulia.com\/index.php\/wp-json\/wp\/v2\/media?parent=975"}],"curies":[{"name":"wp","href":"https:\/\/api.w.org\/{rel}","templated":true}]}}